{"id":36,"date":"2021-11-22T09:29:53","date_gmt":"2021-11-22T09:29:53","guid":{"rendered":"http:\/\/mozart3.de\/?page_id=36"},"modified":"2026-03-03T13:08:40","modified_gmt":"2026-03-03T13:08:40","slug":"startseite-2","status":"publish","type":"page","link":"https:\/\/mozart3.de\/?page_id=36","title":{"rendered":"Speisekarte"},"content":{"rendered":"[vc_row type=&#8220;in_container&#8220; full_screen_row_position=&#8220;middle&#8220; column_margin=&#8220;default&#8220; column_direction=&#8220;default&#8220; column_direction_tablet=&#8220;default&#8220; column_direction_phone=&#8220;default&#8220; scene_position=&#8220;center&#8220; text_color=&#8220;dark&#8220; text_align=&#8220;left&#8220; row_border_radius=&#8220;none&#8220; row_border_radius_applies=&#8220;bg&#8220; overflow=&#8220;visible&#8220; overlay_strength=&#8220;0.3&#8243; gradient_direction=&#8220;left_to_right&#8220; shape_divider_position=&#8220;bottom&#8220; bg_image_animation=&#8220;none&#8220;][vc_column column_padding=&#8220;padding-5-percent&#8220; column_padding_tablet=&#8220;inherit&#8220; column_padding_phone=&#8220;inherit&#8220; column_padding_position=&#8220;all&#8220; column_element_spacing=&#8220;default&#8220; centered_text=&#8220;true&#8220; background_color_opacity=&#8220;1&#8243; background_hover_color_opacity=&#8220;1&#8243; background_image=&#8220;132&#8243; background_image_position=&#8220;center center&#8220; enable_bg_scale=&#8220;true&#8220; background_image_loading=&#8220;default&#8220; column_shadow=&#8220;none&#8220; column_border_radius=&#8220;none&#8220; column_link_target=&#8220;_self&#8220; column_position=&#8220;default&#8220; advanced_gradient_angle=&#8220;0&#8243; gradient_direction=&#8220;left_to_right&#8220; overlay_strength=&#8220;0.3&#8243; width=&#8220;1\/1&#8243; tablet_width_inherit=&#8220;default&#8220; tablet_text_alignment=&#8220;default&#8220; phone_text_alignment=&#8220;default&#8220; animation_type=&#8220;default&#8220; bg_image_animation=&#8220;none&#8220; border_type=&#8220;simple&#8220; column_border_width=&#8220;none&#8220; column_border_style=&#8220;solid&#8220; gradient_type=&#8220;default&#8220;][image_with_animation image_url=&#8220;16&#8243; image_size=&#8220;medium&#8220; animation_type=&#8220;entrance&#8220; animation=&#8220;Fade In&#8220; hover_animation=&#8220;none&#8220; alignment=&#8220;center&#8220; border_radius=&#8220;none&#8220; box_shadow=&#8220;none&#8220; image_loading=&#8220;default&#8220; max_width=&#8220;100%&#8220; max_width_mobile=&#8220;default&#8220; margin_top=&#8220;0&#8243; margin_bottom=&#8220;0&#8243; margin_top_tablet=&#8220;50&#8243; margin_bottom_tablet=&#8220;50&#8243; margin_top_phone=&#8220;50&#8243; margin_bottom_phone=&#8220;50&#8243;][\/vc_column][\/vc_row][vc_row type=&#8220;in_container&#8220; full_screen_row_position=&#8220;middle&#8220; column_margin=&#8220;default&#8220; column_direction=&#8220;default&#8220; column_direction_tablet=&#8220;default&#8220; column_direction_phone=&#8220;default&#8220; scene_position=&#8220;center&#8220; text_color=&#8220;dark&#8220; text_align=&#8220;left&#8220; row_border_radius=&#8220;none&#8220; row_border_radius_applies=&#8220;bg&#8220; overflow=&#8220;visible&#8220; overlay_strength=&#8220;0.3&#8243; gradient_direction=&#8220;left_to_right&#8220; shape_divider_position=&#8220;bottom&#8220; bg_image_animation=&#8220;none&#8220;][vc_column column_padding=&#8220;no-extra-padding&#8220; column_padding_tablet=&#8220;inherit&#8220; column_padding_phone=&#8220;inherit&#8220; column_padding_position=&#8220;all&#8220; top_margin=&#8220;40&#8243; top_margin_tablet=&#8220;30&#8243; top_margin_phone=&#8220;30&#8243; column_element_spacing=&#8220;default&#8220; background_color_opacity=&#8220;1&#8243; background_hover_color_opacity=&#8220;1&#8243; column_shadow=&#8220;none&#8220; column_border_radius=&#8220;none&#8220; column_link_target=&#8220;_self&#8220; column_position=&#8220;default&#8220; advanced_gradient_angle=&#8220;0&#8243; gradient_direction=&#8220;left_to_right&#8220; overlay_strength=&#8220;0.3&#8243; width=&#8220;1\/1&#8243; tablet_width_inherit=&#8220;default&#8220; tablet_text_alignment=&#8220;default&#8220; phone_text_alignment=&#8220;default&#8220; animation_type=&#8220;default&#8220; bg_image_animation=&#8220;none&#8220; border_type=&#8220;simple&#8220; column_border_width=&#8220;none&#8220; column_border_style=&#8220;solid&#8220; gradient_type=&#8220;default&#8220;][vc_column_text css=&#8220;.vc_custom_1637578797742{padding-bottom: 10px !important;}&#8220;]\n<h1 style=\"text-align: center;\">SPEISEKARTE<\/h1>\n<h5 style=\"text-align: center;\">Gerne empfehlen wir Ihnen den jeweils passenden Wein.<\/h5>\n[\/vc_column_text][divider line_type=&#8220;Small Line&#8220; line_alignment=&#8220;center&#8220; line_thickness=&#8220;1&#8243; divider_color=&#8220;default&#8220; custom_height=&#8220;60&#8243;][\/vc_column][\/vc_row][vc_row type=&#8220;in_container&#8220; full_screen_row_position=&#8220;middle&#8220; column_margin=&#8220;default&#8220; column_direction=&#8220;default&#8220; column_direction_tablet=&#8220;default&#8220; column_direction_phone=&#8220;default&#8220; scene_position=&#8220;center&#8220; left_padding_desktop=&#8220;50&#8243; right_padding_desktop=&#8220;50&#8243; left_padding_tablet=&#8220;30&#8243; right_padding_tablet=&#8220;30&#8243; left_padding_phone=&#8220;10&#8243; right_padding_phone=&#8220;10&#8243; text_color=&#8220;dark&#8220; text_align=&#8220;left&#8220; row_border_radius=&#8220;none&#8220; row_border_radius_applies=&#8220;bg&#8220; overflow=&#8220;visible&#8220; advanced_gradient_angle=&#8220;0&#8243; overlay_strength=&#8220;0.3&#8243; gradient_direction=&#8220;left_to_right&#8220; shape_divider_position=&#8220;bottom&#8220; bg_image_animation=&#8220;none&#8220; gradient_type=&#8220;default&#8220; shape_type=&#8220;&#8220;][vc_column column_padding=&#8220;padding-3-percent&#8220; column_padding_tablet=&#8220;inherit&#8220; column_padding_phone=&#8220;inherit&#8220; column_padding_position=&#8220;all&#8220; column_element_spacing=&#8220;default&#8220; background_color=&#8220;#e4e1d7&#8243; background_color_opacity=&#8220;1&#8243; background_hover_color_opacity=&#8220;1&#8243; column_shadow=&#8220;none&#8220; column_border_radius=&#8220;none&#8220; column_link_target=&#8220;_self&#8220; column_position=&#8220;default&#8220; advanced_gradient_angle=&#8220;0&#8243; gradient_direction=&#8220;left_to_right&#8220; overlay_strength=&#8220;0.3&#8243; width=&#8220;1\/3&#8243; tablet_width_inherit=&#8220;default&#8220; tablet_text_alignment=&#8220;default&#8220; phone_text_alignment=&#8220;default&#8220; animation_type=&#8220;default&#8220; bg_image_animation=&#8220;none&#8220; border_type=&#8220;simple&#8220; column_border_width=&#8220;none&#8220; column_border_style=&#8220;solid&#8220; gradient_type=&#8220;default&#8220;][vc_column_text]\n<h2 style=\"text-align: center;\">TAPAS<\/h2>\n[\/vc_column_text][divider line_type=&#8220;Small Line&#8220; line_alignment=&#8220;center&#8220; line_thickness=&#8220;1&#8243; divider_color=&#8220;extra-color-3&#8243; custom_height=&#8220;20&#8243;][vc_column_text css=&#8220;.vc_custom_1772543022074{padding-top: 20px !important;}&#8220;]\n<h4><span class=\"Apple-converted-space\">\u00a0<\/span>Aioli<span class=\"Apple-converted-space\">\u00a0<\/span><\/h4>\n<h5>3,50<span class=\"Apple-converted-space\">\u00a0<\/span><\/h5>\n<h4>Oliven<span class=\"Apple-converted-space\">\u00a0<\/span><\/h4>\n<h5>3,50<span class=\"Apple-converted-space\">\u00a0<\/span><\/h5>\n<h4>Pan Con Tomate<span class=\"Apple-converted-space\">\u00a0<\/span><\/h4>\n<h5>4,90<span class=\"Apple-converted-space\">\u00a0<\/span><\/h5>\n<h4>Patatas Bravas<span class=\"Apple-converted-space\">\u00a0<\/span><\/h4>\n<h5>5,90<span class=\"Apple-converted-space\">\u00a0<\/span><\/h5>\n<h4>Piemientos de Padron<span class=\"Apple-converted-space\">\u00a0<\/span><\/h4>\n<h5>6,90<span class=\"Apple-converted-space\">\u00a0<\/span><\/h5>\n<h4>Datteln im Speckmantel<span class=\"Apple-converted-space\">\u00a0<\/span><\/h4>\n<h5>6,90<span class=\"Apple-converted-space\">\u00a0<\/span><\/h5>\n<h4>Calamaris Andaluz<span class=\"Apple-converted-space\">\u00a0<\/span><\/h4>\n<h5>9,50<span class=\"Apple-converted-space\">\u00a0<\/span><\/h5>\n<h4>Gambas Al Ajillo<span class=\"Apple-converted-space\">\u00a0<\/span><\/h4>\n<h5>16,50<span class=\"Apple-converted-space\">\u00a0<\/span><\/h5>\n<h4>Albondigas<span class=\"Apple-converted-space\">\u00a0<\/span><\/h4>\n<h5>8,90<span class=\"Apple-converted-space\">\u00a0<\/span><\/h5>\n<h4>Chorizo Pikante<span class=\"Apple-converted-space\">\u00a0<\/span><\/h4>\n<h5>6,90<span class=\"Apple-converted-space\">\u00a0<\/span><\/h5>\n<h4>Jamon Serano<span class=\"Apple-converted-space\">\u00a0<\/span><\/h4>\n<h5>7,90<span class=\"Apple-converted-space\">\u00a0<\/span><\/h5>\n<h4>Queso Manchego K\u00e4se<span class=\"Apple-converted-space\">\u00a0<\/span><\/h4>\n<h5>6,90<span class=\"Apple-converted-space\">\u00a0<\/span><\/h5>\n<h4>Brot Korb<span class=\"Apple-converted-space\">\u00a0<\/span><\/h4>\n<h5>2,50<span class=\"Apple-converted-space\">\u00a0<\/span><\/h5>\n[\/vc_column_text][\/vc_column][vc_column column_padding=&#8220;padding-3-percent&#8220; column_padding_tablet=&#8220;inherit&#8220; column_padding_phone=&#8220;inherit&#8220; column_padding_position=&#8220;all&#8220; column_element_spacing=&#8220;default&#8220; background_color=&#8220;#e4e1d7&#8243; background_color_opacity=&#8220;1&#8243; background_hover_color_opacity=&#8220;1&#8243; column_shadow=&#8220;none&#8220; column_border_radius=&#8220;none&#8220; column_link_target=&#8220;_self&#8220; column_position=&#8220;default&#8220; advanced_gradient_angle=&#8220;0&#8243; gradient_direction=&#8220;left_to_right&#8220; overlay_strength=&#8220;0.3&#8243; width=&#8220;1\/3&#8243; tablet_width_inherit=&#8220;default&#8220; tablet_text_alignment=&#8220;default&#8220; phone_text_alignment=&#8220;default&#8220; animation_type=&#8220;default&#8220; bg_image_animation=&#8220;none&#8220; border_type=&#8220;simple&#8220; column_border_width=&#8220;none&#8220; column_border_style=&#8220;solid&#8220; gradient_type=&#8220;default&#8220;][vc_column_text]\n<h2 style=\"text-align: center;\">SPEISEN<\/h2>\n[\/vc_column_text][divider line_type=&#8220;Small Line&#8220; line_alignment=&#8220;center&#8220; line_thickness=&#8220;1&#8243; divider_color=&#8220;extra-color-3&#8243; custom_height=&#8220;20&#8243;][vc_column_text css=&#8220;.vc_custom_1772543273107{padding-top: 20px !important;}&#8220;]\n<h4>Bunter<span class=\"Apple-converted-space\"> g<\/span>emischter Salat<span class=\"Apple-converted-space\">\u00a0<\/span><\/h4>\n<h5>8,50<span class=\"Apple-converted-space\">\u00a0<\/span><\/h5>\n<h4>Karotten Ingwer Orangen Suppe<span class=\"Apple-converted-space\"><br \/>\n<\/span>mit Kokosmilch<span class=\"Apple-converted-space\">\u00a0<\/span><\/h4>\n<h5>9,50<span class=\"Apple-converted-space\">\u00a0<\/span><\/h5>\n<h4>Ziegenk\u00e4se umh\u00fcllt mit Sesam<span class=\"Apple-converted-space\"><br \/>\n<\/span>auf M\u00f6hrenp\u00fcree und Kr\u00e4uter Minze<span class=\"Apple-converted-space\">\u00a0<\/span><\/h4>\n<h5>16,50<span class=\"Apple-converted-space\">\u00a0<\/span><\/h5>\n<h4>Lachs Tartar<span class=\"Apple-converted-space\"><br \/>\n<\/span>mit Sauerrahm Gurken<span class=\"Apple-converted-space\">\u00a0<\/span><\/h4>\n<h5>16,50<span class=\"Apple-converted-space\">\u00a0<\/span><\/h5>\n<h4>Fenchel Orangen Salat<span class=\"Apple-converted-space\"><br \/>\n<\/span>mit Garnelen<span class=\"Apple-converted-space\">\u00a0<\/span><\/h4>\n<h5>17,50<span class=\"Apple-converted-space\">\u00a0<\/span><\/h5>\n<h4>Gebackene Zucchini<br \/>\ngef\u00fcllt mit Mozzarella und Tomaten<span class=\"Apple-converted-space\">\u00a0<\/span><\/h4>\n<h5>16,50<span class=\"Apple-converted-space\">\u00a0<\/span><\/h5>\n<h4>Avocado Tempura<span class=\"Apple-converted-space\"><br \/>\n<\/span>auf Wildkr\u00e4uter Bouquet, Tr\u00fcffel-Majo<span class=\"Apple-converted-space\">\u00a0<\/span><\/h4>\n<h5>15,50<span class=\"Apple-converted-space\">\u00a0<\/span><\/h5>\n<h4>Gem\u00fcse Puffer<span class=\"Apple-converted-space\"><br \/>\n<\/span>mit Kr\u00e4uter Joghurt Dip<span class=\"Apple-converted-space\">\u00a0<\/span><\/h4>\n<h5>17,50<span class=\"Apple-converted-space\">\u00a0<\/span><\/h5>\n<h4>Ravioli<span class=\"Apple-converted-space\"><br \/>\n<\/span>gef\u00fcllt mit Spargelspitzen und Mascarpone<span class=\"Apple-converted-space\">\u00a0<\/span><\/h4>\n<h5>22,50<span class=\"Apple-converted-space\">\u00a0<\/span><\/h5>\n<h4>Thai Curry<span class=\"Apple-converted-space\"><br \/>\n<\/span>mit Gem\u00fcse und Basmati Reis<span class=\"Apple-converted-space\">\u00a0<\/span><\/h4>\n<h5>22,50<span class=\"Apple-converted-space\">\u00a0<\/span><\/h5>\n<h4>Boeuf Stroganoff<span class=\"Apple-converted-space\"><br \/>\n<\/span>mit Sp\u00e4tzle<span class=\"Apple-converted-space\">\u00a0<\/span><\/h4>\n<h5>32,50<span class=\"Apple-converted-space\">\u00a0<\/span><\/h5>\n<h4>Geschmorte Rinderb\u00e4ckchen<span class=\"Apple-converted-space\"><br \/>\n<\/span>mit Selleriep\u00fcree und glasierte M\u00f6hren<span class=\"Apple-converted-space\">\u00a0<\/span><\/h4>\n<h5>28,50<span class=\"Apple-converted-space\">\u00a0<\/span><\/h5>\n<h4>Pollo Fino<span class=\"Apple-converted-space\"><br \/>\n<\/span>mit Zitronen So\u00dfe Kapern und Tagliatelle<span class=\"Apple-converted-space\">\u00a0<\/span><\/h4>\n<h5>26,50<span class=\"Apple-converted-space\">\u00a0<\/span><\/h5>\n<h4>Z\u00fcrcher Kalbgeschnetzeltes<span class=\"Apple-converted-space\"><br \/>\n<\/span>mit R\u00f6sti<span class=\"Apple-converted-space\">\u00a0<\/span><\/h4>\n<h5>34,50<span class=\"Apple-converted-space\">\u00a0<\/span><\/h5>\n<h4>Wiener Schnitzel<span class=\"Apple-converted-space\"><br \/>\n<\/span>vom Kalbsr\u00fccken mit Kartoffelsalat<span class=\"Apple-converted-space\">\u00a0<\/span><\/h4>\n<h5>34,50<span class=\"Apple-converted-space\">\u00a0<\/span><\/h5>\n<h4>Zwiebelrostbraten<span class=\"Apple-converted-space\"><br \/>\n<\/span>vom Black Angus mit Sp\u00e4tzle<span class=\"Apple-converted-space\">\u00a0<\/span><\/h4>\n<h5>36,50<span class=\"Apple-converted-space\">\u00a0<\/span><\/h5>\n[\/vc_column_text][\/vc_column][vc_column column_padding=&#8220;padding-3-percent&#8220; column_padding_tablet=&#8220;inherit&#8220; column_padding_phone=&#8220;inherit&#8220; column_padding_position=&#8220;all&#8220; column_element_spacing=&#8220;default&#8220; background_color=&#8220;#e4e1d7&#8243; background_color_opacity=&#8220;1&#8243; background_hover_color_opacity=&#8220;1&#8243; column_shadow=&#8220;none&#8220; column_border_radius=&#8220;none&#8220; column_link_target=&#8220;_self&#8220; column_position=&#8220;default&#8220; advanced_gradient_angle=&#8220;0&#8243; gradient_direction=&#8220;left_to_right&#8220; overlay_strength=&#8220;0.3&#8243; width=&#8220;1\/3&#8243; tablet_width_inherit=&#8220;default&#8220; tablet_text_alignment=&#8220;default&#8220; phone_text_alignment=&#8220;default&#8220; animation_type=&#8220;default&#8220; bg_image_animation=&#8220;none&#8220; border_type=&#8220;simple&#8220; column_border_width=&#8220;none&#8220; column_border_style=&#8220;solid&#8220; gradient_type=&#8220;default&#8220;][vc_column_text]\n<h2 style=\"text-align: center;\">DESSERTS<\/h2>\n[\/vc_column_text][divider line_type=&#8220;Small Line&#8220; line_alignment=&#8220;center&#8220; line_thickness=&#8220;1&#8243; divider_color=&#8220;extra-color-3&#8243; custom_height=&#8220;20&#8243;][vc_column_text css=&#8220;.vc_custom_1772543318818{padding-top: 20px !important;}&#8220;]\n<h4>Apfel Crumble<span class=\"Apple-converted-space\"><br \/>\n<\/span>mit Walnuss Eis<span class=\"Apple-converted-space\">\u00a0<\/span><\/h4>\n<h5>9,50<span class=\"Apple-converted-space\">\u00a0<\/span><\/h5>\n<h4>Creme Br\u00fbl\u00e9e<span class=\"Apple-converted-space\"><br \/>\n<\/span>mit Pistazien Eis<span class=\"Apple-converted-space\">\u00a0<\/span><\/h4>\n<h5>9,50<span class=\"Apple-converted-space\">\u00a0<\/span><\/h5>\n<h4>San Sebastian Cheesecake<span class=\"Apple-converted-space\"><br \/>\n<\/span>mit Schoko Eis<span class=\"Apple-converted-space\">\u00a0<\/span><\/h4>\n<h5>9,50<span class=\"Apple-converted-space\">\u00a0<\/span><\/h5>\n[\/vc_column_text][divider line_type=&#8220;Small Line&#8220; line_alignment=&#8220;center&#8220; line_thickness=&#8220;1&#8243; divider_color=&#8220;extra-color-3&#8243; custom_height=&#8220;20&#8243;][vc_column_text css=&#8220;.vc_custom_1762005698547{padding-top: 20px !important;}&#8220;]\n<h5>Passend zum Dessert<span class=\"Apple-converted-space\">\u00a0<\/span><\/h5>\n<h4>Dessertwein<span class=\"Apple-converted-space\">\u00a0<\/span><\/h4>\n<h4>Ratafia<span class=\"Apple-converted-space\"><br \/>\n<\/span>Champenois<span class=\"Apple-converted-space\"><br \/>\n<\/span>Pierre Trichet<span class=\"Apple-converted-space\">\u00a0<\/span><\/h4>\n<h5>8,50 \/ 5cl<span class=\"Apple-converted-space\">\u00a0<\/span><\/h5>\n[\/vc_column_text][\/vc_column][\/vc_row][vc_row type=&#8220;in_container&#8220; full_screen_row_position=&#8220;middle&#8220; column_margin=&#8220;default&#8220; column_direction=&#8220;default&#8220; column_direction_tablet=&#8220;default&#8220; column_direction_phone=&#8220;default&#8220; scene_position=&#8220;center&#8220; text_color=&#8220;dark&#8220; text_align=&#8220;left&#8220; row_border_radius=&#8220;none&#8220; row_border_radius_applies=&#8220;bg&#8220; overflow=&#8220;visible&#8220; overlay_strength=&#8220;0.3&#8243; gradient_direction=&#8220;left_to_right&#8220; shape_divider_position=&#8220;bottom&#8220; bg_image_animation=&#8220;none&#8220;][vc_column column_padding=&#8220;no-extra-padding&#8220; column_padding_tablet=&#8220;inherit&#8220; column_padding_phone=&#8220;inherit&#8220; column_padding_position=&#8220;all&#8220; top_margin=&#8220;40&#8243; top_margin_tablet=&#8220;30&#8243; top_margin_phone=&#8220;30&#8243; column_element_spacing=&#8220;default&#8220; background_color_opacity=&#8220;1&#8243; background_hover_color_opacity=&#8220;1&#8243; column_shadow=&#8220;none&#8220; column_border_radius=&#8220;none&#8220; column_link_target=&#8220;_self&#8220; column_position=&#8220;default&#8220; advanced_gradient_angle=&#8220;0&#8243; gradient_direction=&#8220;left_to_right&#8220; overlay_strength=&#8220;0.3&#8243; width=&#8220;1\/1&#8243; tablet_width_inherit=&#8220;default&#8220; tablet_text_alignment=&#8220;default&#8220; phone_text_alignment=&#8220;default&#8220; animation_type=&#8220;default&#8220; bg_image_animation=&#8220;none&#8220; border_type=&#8220;simple&#8220; column_border_width=&#8220;none&#8220; column_border_style=&#8220;solid&#8220; gradient_type=&#8220;default&#8220;][vc_column_text css=&#8220;.vc_custom_1704984910787{padding-bottom: 10px !important;}&#8220;]\n<h5 style=\"text-align: center;\">Bei Fragen zu Allergenen und Zusatzstoffen wenden Sie sich bitte an unser Servicepersonal.<\/h5>\n[\/vc_column_text][\/vc_column][\/vc_row][vc_row type=&#8220;in_container&#8220; full_screen_row_position=&#8220;middle&#8220; column_margin=&#8220;default&#8220; column_direction=&#8220;default&#8220; column_direction_tablet=&#8220;default&#8220; column_direction_phone=&#8220;default&#8220; scene_position=&#8220;center&#8220; top_padding=&#8220;20&#8243; text_color=&#8220;dark&#8220; text_align=&#8220;left&#8220; row_border_radius=&#8220;none&#8220; row_border_radius_applies=&#8220;bg&#8220; overflow=&#8220;visible&#8220; advanced_gradient_angle=&#8220;0&#8243; overlay_strength=&#8220;0.3&#8243; gradient_direction=&#8220;left_to_right&#8220; shape_divider_position=&#8220;bottom&#8220; bg_image_animation=&#8220;none&#8220; gradient_type=&#8220;default&#8220; shape_type=&#8220;&#8220;][vc_column column_padding=&#8220;no-extra-padding&#8220; column_padding_tablet=&#8220;inherit&#8220; column_padding_phone=&#8220;inherit&#8220; column_padding_position=&#8220;all&#8220; column_element_spacing=&#8220;default&#8220; background_color_opacity=&#8220;1&#8243; background_hover_color_opacity=&#8220;1&#8243; column_shadow=&#8220;none&#8220; column_border_radius=&#8220;none&#8220; column_link_target=&#8220;_self&#8220; column_position=&#8220;default&#8220; gradient_direction=&#8220;left_to_right&#8220; overlay_strength=&#8220;0.3&#8243; width=&#8220;1\/1&#8243; tablet_width_inherit=&#8220;default&#8220; tablet_text_alignment=&#8220;default&#8220; phone_text_alignment=&#8220;default&#8220; animation_type=&#8220;default&#8220; bg_image_animation=&#8220;none&#8220; border_type=&#8220;simple&#8220; column_border_width=&#8220;none&#8220; column_border_style=&#8220;solid&#8220;][\/vc_column][\/vc_row]\n","protected":false},"excerpt":{"rendered":"<p>[vc_row type=&#8220;in_container&#8220; full_screen_row_position=&#8220;middle&#8220; column_margin=&#8220;default&#8220; column_direction=&#8220;default&#8220; column_direction_tablet=&#8220;default&#8220; column_direction_phone=&#8220;default&#8220; scene_position=&#8220;center&#8220; text_color=&#8220;dark&#8220; text_align=&#8220;left&#8220; row_border_radius=&#8220;none&#8220; row_border_radius_applies=&#8220;bg&#8220; overflow=&#8220;visible&#8220; overlay_strength=&#8220;0.3&#8243; gradient_direction=&#8220;left_to_right&#8220; shape_divider_position=&#8220;bottom&#8220; bg_image_animation=&#8220;none&#8220;][vc_column column_padding=&#8220;padding-5-percent&#8220; column_padding_tablet=&#8220;inherit&#8220; column_padding_phone=&#8220;inherit&#8220; column_padding_position=&#8220;all&#8220; column_element_spacing=&#8220;default&#8220; centered_text=&#8220;true&#8220; background_color_opacity=&#8220;1&#8243; background_hover_color_opacity=&#8220;1&#8243; background_image=&#8220;132&#8243; background_image_position=&#8220;center center&#8220; enable_bg_scale=&#8220;true&#8220; background_image_loading=&#8220;default&#8220;&#8230;<\/p>\n","protected":false},"author":1,"featured_media":0,"parent":0,"menu_order":0,"comment_status":"closed","ping_status":"closed","template":"","meta":[],"_links":{"self":[{"href":"https:\/\/mozart3.de\/index.php?rest_route=\/wp\/v2\/pages\/36"}],"collection":[{"href":"https:\/\/mozart3.de\/index.php?rest_route=\/wp\/v2\/pages"}],"about":[{"href":"https:\/\/mozart3.de\/index.php?rest_route=\/wp\/v2\/types\/page"}],"author":[{"embeddable":true,"href":"https:\/\/mozart3.de\/index.php?rest_route=\/wp\/v2\/users\/1"}],"replies":[{"embeddable":true,"href":"https:\/\/mozart3.de\/index.php?rest_route=%2Fwp%2Fv2%2Fcomments&post=36"}],"version-history":[{"count":122,"href":"https:\/\/mozart3.de\/index.php?rest_route=\/wp\/v2\/pages\/36\/revisions"}],"predecessor-version":[{"id":242,"href":"https:\/\/mozart3.de\/index.php?rest_route=\/wp\/v2\/pages\/36\/revisions\/242"}],"wp:attachment":[{"href":"https:\/\/mozart3.de\/index.php?rest_route=%2Fwp%2Fv2%2Fmedia&parent=36"}],"curies":[{"name":"wp","href":"https:\/\/api.w.org\/{rel}","templated":true}]}}